{"id":159,"date":"2021-03-15T20:31:57","date_gmt":"2021-03-15T20:31:57","guid":{"rendered":"http:\/\/holzkunst-aus-dem-erzgebirge.de\/?page_id=159"},"modified":"2024-03-12T16:39:52","modified_gmt":"2024-03-12T16:39:52","slug":"elementor-159","status":"publish","type":"page","link":"http:\/\/holzkunst-aus-dem-erzgebirge.de\/?page_id=159","title":{"rendered":"Spieldosen"},"content":{"rendered":"\t\t<div data-elementor-type=\"wp-page\" data-elementor-id=\"159\" class=\"elementor elementor-159\">\n\t\t\t\t\t\t<section class=\"elementor-section elementor-top-section elementor-element elementor-element-e5271df elementor-section-boxed elementor-section-height-default elementor-section-height-default\" data-id=\"e5271df\" data-element_type=\"section\" data-e-type=\"section\">\n\t\t\t\t\t\t<div class=\"elementor-container elementor-column-gap-default\">\n\t\t\t\t\t<div class=\"elementor-column elementor-col-100 elementor-top-column elementor-element elementor-element-0c094c1\" data-id=\"0c094c1\" data-element_type=\"column\" data-e-type=\"column\">\n\t\t\t<div class=\"elementor-widget-wrap elementor-element-populated\">\n\t\t\t\t\t\t<div class=\"elementor-element elementor-element-bef3d7a elementor-widget elementor-widget-text-editor\" data-id=\"bef3d7a\" data-element_type=\"widget\" data-e-type=\"widget\" data-widget_type=\"text-editor.default\">\n\t\t\t\t<div class=\"elementor-widget-container\">\n\t\t\t\t\t\t\t\t\t<p>Die Spieldosen in meinem Sortiment sind echte Rarit\u00e4ten f\u00fcr Liebhaber und Sammler. Kontaktieren Sie mich gerne f\u00fcr mehr Informationen, wenn Sie Interesse an einer dieser Spieldosen haben.<\/p>\t\t\t\t\t\t\t\t<\/div>\n\t\t\t\t<\/div>\n\t\t\t\t<div class=\"elementor-element elementor-element-e865060 elementor-widget elementor-widget-image-gallery\" data-id=\"e865060\" data-element_type=\"widget\" data-e-type=\"widget\" data-widget_type=\"image-gallery.default\">\n\t\t\t\t<div class=\"elementor-widget-container\">\n\t\t\t\t\t\t\t<div class=\"elementor-image-gallery\">\n\t\t\t<div id='gallery-1' class='gallery galleryid-159 gallery-columns-3 gallery-size-medium_large'><figure class='gallery-item'>\n\t\t\t<div class='gallery-icon landscape'>\n\t\t\t\t<a data-elementor-open-lightbox=\"yes\" data-elementor-lightbox-slideshow=\"e865060\" data-elementor-lightbox-title=\"DSC_2137\" data-e-action-hash=\"#elementor-action%3Aaction%3Dlightbox%26settings%3DeyJpZCI6MTc0LCJ1cmwiOiJodHRwczpcL1wvaG9semt1bnN0LWF1cy1kZW0tZXJ6Z2ViaXJnZS5kZVwvd3AtY29udGVudFwvdXBsb2Fkc1wvMjAyMVwvMDNcL0RTQ18yMTM3LmpwZyIsInNsaWRlc2hvdyI6ImU4NjUwNjAifQ%3D%3D\" href='https:\/\/holzkunst-aus-dem-erzgebirge.de\/wp-content\/uploads\/2021\/03\/DSC_2137.jpg'><img fetchpriority=\"high\" decoding=\"async\" width=\"768\" height=\"768\" src=\"https:\/\/holzkunst-aus-dem-erzgebirge.de\/wp-content\/uploads\/2021\/03\/DSC_2137-768x768.jpg\" class=\"attachment-medium_large size-medium_large\" alt=\"\" srcset=\"https:\/\/holzkunst-aus-dem-erzgebirge.de\/wp-content\/uploads\/2021\/03\/DSC_2137-768x768.jpg 768w, https:\/\/holzkunst-aus-dem-erzgebirge.de\/wp-content\/uploads\/2021\/03\/DSC_2137-300x300.jpg 300w, https:\/\/holzkunst-aus-dem-erzgebirge.de\/wp-content\/uploads\/2021\/03\/DSC_2137-700x700.jpg 700w, https:\/\/holzkunst-aus-dem-erzgebirge.de\/wp-content\/uploads\/2021\/03\/DSC_2137-150x150.jpg 150w, https:\/\/holzkunst-aus-dem-erzgebirge.de\/wp-content\/uploads\/2021\/03\/DSC_2137-1140x1140.jpg 1140w, https:\/\/holzkunst-aus-dem-erzgebirge.de\/wp-content\/uploads\/2021\/03\/DSC_2137-75x75.jpg 75w, https:\/\/holzkunst-aus-dem-erzgebirge.de\/wp-content\/uploads\/2021\/03\/DSC_2137.jpg 1500w\" sizes=\"(max-width: 768px) 100vw, 768px\" \/><\/a>\n\t\t\t<\/div><\/figure><figure class='gallery-item'>\n\t\t\t<div class='gallery-icon landscape'>\n\t\t\t\t<a data-elementor-open-lightbox=\"yes\" data-elementor-lightbox-slideshow=\"e865060\" data-elementor-lightbox-title=\"DSC_2124\" data-e-action-hash=\"#elementor-action%3Aaction%3Dlightbox%26settings%3DeyJpZCI6MTcxLCJ1cmwiOiJodHRwczpcL1wvaG9semt1bnN0LWF1cy1kZW0tZXJ6Z2ViaXJnZS5kZVwvd3AtY29udGVudFwvdXBsb2Fkc1wvMjAyMVwvMDNcL0RTQ18yMTI0LmpwZyIsInNsaWRlc2hvdyI6ImU4NjUwNjAifQ%3D%3D\" href='https:\/\/holzkunst-aus-dem-erzgebirge.de\/wp-content\/uploads\/2021\/03\/DSC_2124.jpg'><img decoding=\"async\" width=\"768\" height=\"768\" src=\"https:\/\/holzkunst-aus-dem-erzgebirge.de\/wp-content\/uploads\/2021\/03\/DSC_2124-768x768.jpg\" class=\"attachment-medium_large size-medium_large\" alt=\"\" srcset=\"https:\/\/holzkunst-aus-dem-erzgebirge.de\/wp-content\/uploads\/2021\/03\/DSC_2124-768x768.jpg 768w, https:\/\/holzkunst-aus-dem-erzgebirge.de\/wp-content\/uploads\/2021\/03\/DSC_2124-300x300.jpg 300w, https:\/\/holzkunst-aus-dem-erzgebirge.de\/wp-content\/uploads\/2021\/03\/DSC_2124-700x700.jpg 700w, https:\/\/holzkunst-aus-dem-erzgebirge.de\/wp-content\/uploads\/2021\/03\/DSC_2124-150x150.jpg 150w, https:\/\/holzkunst-aus-dem-erzgebirge.de\/wp-content\/uploads\/2021\/03\/DSC_2124-1140x1140.jpg 1140w, https:\/\/holzkunst-aus-dem-erzgebirge.de\/wp-content\/uploads\/2021\/03\/DSC_2124-75x75.jpg 75w, https:\/\/holzkunst-aus-dem-erzgebirge.de\/wp-content\/uploads\/2021\/03\/DSC_2124.jpg 1500w\" sizes=\"(max-width: 768px) 100vw, 768px\" \/><\/a>\n\t\t\t<\/div><\/figure><figure class='gallery-item'>\n\t\t\t<div class='gallery-icon landscape'>\n\t\t\t\t<a data-elementor-open-lightbox=\"yes\" data-elementor-lightbox-slideshow=\"e865060\" data-elementor-lightbox-title=\"DSC_2123\" data-e-action-hash=\"#elementor-action%3Aaction%3Dlightbox%26settings%3DeyJpZCI6MTcwLCJ1cmwiOiJodHRwczpcL1wvaG9semt1bnN0LWF1cy1kZW0tZXJ6Z2ViaXJnZS5kZVwvd3AtY29udGVudFwvdXBsb2Fkc1wvMjAyMVwvMDNcL0RTQ18yMTIzLmpwZyIsInNsaWRlc2hvdyI6ImU4NjUwNjAifQ%3D%3D\" href='https:\/\/holzkunst-aus-dem-erzgebirge.de\/wp-content\/uploads\/2021\/03\/DSC_2123.jpg'><img decoding=\"async\" width=\"768\" height=\"768\" src=\"https:\/\/holzkunst-aus-dem-erzgebirge.de\/wp-content\/uploads\/2021\/03\/DSC_2123-768x768.jpg\" class=\"attachment-medium_large size-medium_large\" alt=\"\" srcset=\"https:\/\/holzkunst-aus-dem-erzgebirge.de\/wp-content\/uploads\/2021\/03\/DSC_2123-768x768.jpg 768w, https:\/\/holzkunst-aus-dem-erzgebirge.de\/wp-content\/uploads\/2021\/03\/DSC_2123-300x300.jpg 300w, https:\/\/holzkunst-aus-dem-erzgebirge.de\/wp-content\/uploads\/2021\/03\/DSC_2123-700x700.jpg 700w, https:\/\/holzkunst-aus-dem-erzgebirge.de\/wp-content\/uploads\/2021\/03\/DSC_2123-150x150.jpg 150w, https:\/\/holzkunst-aus-dem-erzgebirge.de\/wp-content\/uploads\/2021\/03\/DSC_2123-1140x1140.jpg 1140w, https:\/\/holzkunst-aus-dem-erzgebirge.de\/wp-content\/uploads\/2021\/03\/DSC_2123-75x75.jpg 75w, https:\/\/holzkunst-aus-dem-erzgebirge.de\/wp-content\/uploads\/2021\/03\/DSC_2123.jpg 1500w\" sizes=\"(max-width: 768px) 100vw, 768px\" \/><\/a>\n\t\t\t<\/div><\/figure><figure class='gallery-item'>\n\t\t\t<div class='gallery-icon landscape'>\n\t\t\t\t<a data-elementor-open-lightbox=\"yes\" data-elementor-lightbox-slideshow=\"e865060\" data-elementor-lightbox-title=\"DSC_2126\" data-e-action-hash=\"#elementor-action%3Aaction%3Dlightbox%26settings%3DeyJpZCI6MTcyLCJ1cmwiOiJodHRwczpcL1wvaG9semt1bnN0LWF1cy1kZW0tZXJ6Z2ViaXJnZS5kZVwvd3AtY29udGVudFwvdXBsb2Fkc1wvMjAyMVwvMDNcL0RTQ18yMTI2LmpwZyIsInNsaWRlc2hvdyI6ImU4NjUwNjAifQ%3D%3D\" href='https:\/\/holzkunst-aus-dem-erzgebirge.de\/wp-content\/uploads\/2021\/03\/DSC_2126.jpg'><img loading=\"lazy\" decoding=\"async\" width=\"768\" height=\"768\" src=\"https:\/\/holzkunst-aus-dem-erzgebirge.de\/wp-content\/uploads\/2021\/03\/DSC_2126-768x768.jpg\" class=\"attachment-medium_large size-medium_large\" alt=\"\" srcset=\"https:\/\/holzkunst-aus-dem-erzgebirge.de\/wp-content\/uploads\/2021\/03\/DSC_2126-768x768.jpg 768w, https:\/\/holzkunst-aus-dem-erzgebirge.de\/wp-content\/uploads\/2021\/03\/DSC_2126-300x300.jpg 300w, https:\/\/holzkunst-aus-dem-erzgebirge.de\/wp-content\/uploads\/2021\/03\/DSC_2126-700x700.jpg 700w, https:\/\/holzkunst-aus-dem-erzgebirge.de\/wp-content\/uploads\/2021\/03\/DSC_2126-150x150.jpg 150w, https:\/\/holzkunst-aus-dem-erzgebirge.de\/wp-content\/uploads\/2021\/03\/DSC_2126-1140x1140.jpg 1140w, https:\/\/holzkunst-aus-dem-erzgebirge.de\/wp-content\/uploads\/2021\/03\/DSC_2126-75x75.jpg 75w, https:\/\/holzkunst-aus-dem-erzgebirge.de\/wp-content\/uploads\/2021\/03\/DSC_2126.jpg 1500w\" sizes=\"(max-width: 768px) 100vw, 768px\" \/><\/a>\n\t\t\t<\/div><\/figure><figure class='gallery-item'>\n\t\t\t<div class='gallery-icon landscape'>\n\t\t\t\t<a data-elementor-open-lightbox=\"yes\" data-elementor-lightbox-slideshow=\"e865060\" data-elementor-lightbox-title=\"DSC_2129\" data-e-action-hash=\"#elementor-action%3Aaction%3Dlightbox%26settings%3DeyJpZCI6MTczLCJ1cmwiOiJodHRwczpcL1wvaG9semt1bnN0LWF1cy1kZW0tZXJ6Z2ViaXJnZS5kZVwvd3AtY29udGVudFwvdXBsb2Fkc1wvMjAyMVwvMDNcL0RTQ18yMTI5LmpwZyIsInNsaWRlc2hvdyI6ImU4NjUwNjAifQ%3D%3D\" href='https:\/\/holzkunst-aus-dem-erzgebirge.de\/wp-content\/uploads\/2021\/03\/DSC_2129.jpg'><img loading=\"lazy\" decoding=\"async\" width=\"768\" height=\"768\" src=\"https:\/\/holzkunst-aus-dem-erzgebirge.de\/wp-content\/uploads\/2021\/03\/DSC_2129-768x768.jpg\" class=\"attachment-medium_large size-medium_large\" alt=\"\" srcset=\"https:\/\/holzkunst-aus-dem-erzgebirge.de\/wp-content\/uploads\/2021\/03\/DSC_2129-768x768.jpg 768w, https:\/\/holzkunst-aus-dem-erzgebirge.de\/wp-content\/uploads\/2021\/03\/DSC_2129-300x300.jpg 300w, https:\/\/holzkunst-aus-dem-erzgebirge.de\/wp-content\/uploads\/2021\/03\/DSC_2129-700x700.jpg 700w, https:\/\/holzkunst-aus-dem-erzgebirge.de\/wp-content\/uploads\/2021\/03\/DSC_2129-150x150.jpg 150w, https:\/\/holzkunst-aus-dem-erzgebirge.de\/wp-content\/uploads\/2021\/03\/DSC_2129-1140x1140.jpg 1140w, https:\/\/holzkunst-aus-dem-erzgebirge.de\/wp-content\/uploads\/2021\/03\/DSC_2129-75x75.jpg 75w, https:\/\/holzkunst-aus-dem-erzgebirge.de\/wp-content\/uploads\/2021\/03\/DSC_2129.jpg 1500w\" sizes=\"(max-width: 768px) 100vw, 768px\" \/><\/a>\n\t\t\t<\/div><\/figure><figure class='gallery-item'>\n\t\t\t<div class='gallery-icon landscape'>\n\t\t\t\t<a data-elementor-open-lightbox=\"yes\" data-elementor-lightbox-slideshow=\"e865060\" data-elementor-lightbox-title=\"A7305306\" data-e-action-hash=\"#elementor-action%3Aaction%3Dlightbox%26settings%3DeyJpZCI6MjUwLCJ1cmwiOiJodHRwczpcL1wvaG9semt1bnN0LWF1cy1kZW0tZXJ6Z2ViaXJnZS5kZVwvd3AtY29udGVudFwvdXBsb2Fkc1wvMjAyM1wvMDNcL0E3MzA1MzA2LmpwZyIsInNsaWRlc2hvdyI6ImU4NjUwNjAifQ%3D%3D\" href='https:\/\/holzkunst-aus-dem-erzgebirge.de\/wp-content\/uploads\/2023\/03\/A7305306.jpg'><img loading=\"lazy\" decoding=\"async\" width=\"768\" height=\"768\" src=\"https:\/\/holzkunst-aus-dem-erzgebirge.de\/wp-content\/uploads\/2023\/03\/A7305306-768x768.jpg\" class=\"attachment-medium_large size-medium_large\" alt=\"\" srcset=\"https:\/\/holzkunst-aus-dem-erzgebirge.de\/wp-content\/uploads\/2023\/03\/A7305306-768x768.jpg 768w, https:\/\/holzkunst-aus-dem-erzgebirge.de\/wp-content\/uploads\/2023\/03\/A7305306-300x300.jpg 300w, https:\/\/holzkunst-aus-dem-erzgebirge.de\/wp-content\/uploads\/2023\/03\/A7305306-700x700.jpg 700w, https:\/\/holzkunst-aus-dem-erzgebirge.de\/wp-content\/uploads\/2023\/03\/A7305306-150x150.jpg 150w, https:\/\/holzkunst-aus-dem-erzgebirge.de\/wp-content\/uploads\/2023\/03\/A7305306-1140x1140.jpg 1140w, https:\/\/holzkunst-aus-dem-erzgebirge.de\/wp-content\/uploads\/2023\/03\/A7305306-75x75.jpg 75w, https:\/\/holzkunst-aus-dem-erzgebirge.de\/wp-content\/uploads\/2023\/03\/A7305306.jpg 1200w\" sizes=\"(max-width: 768px) 100vw, 768px\" \/><\/a>\n\t\t\t<\/div><\/figure><figure class='gallery-item'>\n\t\t\t<div class='gallery-icon landscape'>\n\t\t\t\t<a data-elementor-open-lightbox=\"yes\" data-elementor-lightbox-slideshow=\"e865060\" data-elementor-lightbox-title=\"A7305310\" data-e-action-hash=\"#elementor-action%3Aaction%3Dlightbox%26settings%3DeyJpZCI6MjUxLCJ1cmwiOiJodHRwczpcL1wvaG9semt1bnN0LWF1cy1kZW0tZXJ6Z2ViaXJnZS5kZVwvd3AtY29udGVudFwvdXBsb2Fkc1wvMjAyM1wvMDNcL0E3MzA1MzEwLmpwZyIsInNsaWRlc2hvdyI6ImU4NjUwNjAifQ%3D%3D\" href='https:\/\/holzkunst-aus-dem-erzgebirge.de\/wp-content\/uploads\/2023\/03\/A7305310.jpg'><img loading=\"lazy\" decoding=\"async\" width=\"768\" height=\"768\" src=\"https:\/\/holzkunst-aus-dem-erzgebirge.de\/wp-content\/uploads\/2023\/03\/A7305310-768x768.jpg\" class=\"attachment-medium_large size-medium_large\" alt=\"\" srcset=\"https:\/\/holzkunst-aus-dem-erzgebirge.de\/wp-content\/uploads\/2023\/03\/A7305310-768x768.jpg 768w, https:\/\/holzkunst-aus-dem-erzgebirge.de\/wp-content\/uploads\/2023\/03\/A7305310-300x300.jpg 300w, https:\/\/holzkunst-aus-dem-erzgebirge.de\/wp-content\/uploads\/2023\/03\/A7305310-700x700.jpg 700w, https:\/\/holzkunst-aus-dem-erzgebirge.de\/wp-content\/uploads\/2023\/03\/A7305310-150x150.jpg 150w, https:\/\/holzkunst-aus-dem-erzgebirge.de\/wp-content\/uploads\/2023\/03\/A7305310-1140x1140.jpg 1140w, https:\/\/holzkunst-aus-dem-erzgebirge.de\/wp-content\/uploads\/2023\/03\/A7305310-75x75.jpg 75w, https:\/\/holzkunst-aus-dem-erzgebirge.de\/wp-content\/uploads\/2023\/03\/A7305310.jpg 1200w\" sizes=\"(max-width: 768px) 100vw, 768px\" \/><\/a>\n\t\t\t<\/div><\/figure><figure class='gallery-item'>\n\t\t\t<div class='gallery-icon landscape'>\n\t\t\t\t<a data-elementor-open-lightbox=\"yes\" data-elementor-lightbox-slideshow=\"e865060\" data-elementor-lightbox-title=\"A7305314\" data-e-action-hash=\"#elementor-action%3Aaction%3Dlightbox%26settings%3DeyJpZCI6MjUyLCJ1cmwiOiJodHRwczpcL1wvaG9semt1bnN0LWF1cy1kZW0tZXJ6Z2ViaXJnZS5kZVwvd3AtY29udGVudFwvdXBsb2Fkc1wvMjAyM1wvMDNcL0E3MzA1MzE0LmpwZyIsInNsaWRlc2hvdyI6ImU4NjUwNjAifQ%3D%3D\" href='https:\/\/holzkunst-aus-dem-erzgebirge.de\/wp-content\/uploads\/2023\/03\/A7305314.jpg'><img loading=\"lazy\" decoding=\"async\" width=\"768\" height=\"768\" src=\"https:\/\/holzkunst-aus-dem-erzgebirge.de\/wp-content\/uploads\/2023\/03\/A7305314-768x768.jpg\" class=\"attachment-medium_large size-medium_large\" alt=\"\" srcset=\"https:\/\/holzkunst-aus-dem-erzgebirge.de\/wp-content\/uploads\/2023\/03\/A7305314-768x768.jpg 768w, https:\/\/holzkunst-aus-dem-erzgebirge.de\/wp-content\/uploads\/2023\/03\/A7305314-300x300.jpg 300w, https:\/\/holzkunst-aus-dem-erzgebirge.de\/wp-content\/uploads\/2023\/03\/A7305314-700x700.jpg 700w, https:\/\/holzkunst-aus-dem-erzgebirge.de\/wp-content\/uploads\/2023\/03\/A7305314-150x150.jpg 150w, https:\/\/holzkunst-aus-dem-erzgebirge.de\/wp-content\/uploads\/2023\/03\/A7305314-1140x1140.jpg 1140w, https:\/\/holzkunst-aus-dem-erzgebirge.de\/wp-content\/uploads\/2023\/03\/A7305314-75x75.jpg 75w, https:\/\/holzkunst-aus-dem-erzgebirge.de\/wp-content\/uploads\/2023\/03\/A7305314.jpg 1200w\" sizes=\"(max-width: 768px) 100vw, 768px\" \/><\/a>\n\t\t\t<\/div><\/figure><figure class='gallery-item'>\n\t\t\t<div class='gallery-icon landscape'>\n\t\t\t\t<a data-elementor-open-lightbox=\"yes\" data-elementor-lightbox-slideshow=\"e865060\" data-elementor-lightbox-title=\"A7305315\" data-e-action-hash=\"#elementor-action%3Aaction%3Dlightbox%26settings%3DeyJpZCI6MjUzLCJ1cmwiOiJodHRwczpcL1wvaG9semt1bnN0LWF1cy1kZW0tZXJ6Z2ViaXJnZS5kZVwvd3AtY29udGVudFwvdXBsb2Fkc1wvMjAyM1wvMDNcL0E3MzA1MzE1LmpwZyIsInNsaWRlc2hvdyI6ImU4NjUwNjAifQ%3D%3D\" href='https:\/\/holzkunst-aus-dem-erzgebirge.de\/wp-content\/uploads\/2023\/03\/A7305315.jpg'><img loading=\"lazy\" decoding=\"async\" width=\"768\" height=\"768\" src=\"https:\/\/holzkunst-aus-dem-erzgebirge.de\/wp-content\/uploads\/2023\/03\/A7305315-768x768.jpg\" class=\"attachment-medium_large size-medium_large\" alt=\"\" srcset=\"https:\/\/holzkunst-aus-dem-erzgebirge.de\/wp-content\/uploads\/2023\/03\/A7305315-768x768.jpg 768w, https:\/\/holzkunst-aus-dem-erzgebirge.de\/wp-content\/uploads\/2023\/03\/A7305315-300x300.jpg 300w, https:\/\/holzkunst-aus-dem-erzgebirge.de\/wp-content\/uploads\/2023\/03\/A7305315-700x700.jpg 700w, https:\/\/holzkunst-aus-dem-erzgebirge.de\/wp-content\/uploads\/2023\/03\/A7305315-150x150.jpg 150w, https:\/\/holzkunst-aus-dem-erzgebirge.de\/wp-content\/uploads\/2023\/03\/A7305315-1140x1140.jpg 1140w, https:\/\/holzkunst-aus-dem-erzgebirge.de\/wp-content\/uploads\/2023\/03\/A7305315-75x75.jpg 75w, https:\/\/holzkunst-aus-dem-erzgebirge.de\/wp-content\/uploads\/2023\/03\/A7305315.jpg 1200w\" sizes=\"(max-width: 768px) 100vw, 768px\" \/><\/a>\n\t\t\t<\/div><\/figure>\n\t\t<\/div>\n\t\t<\/div>\n\t\t\t\t\t\t<\/div>\n\t\t\t\t<\/div>\n\t\t\t\t\t<\/div>\n\t\t<\/div>\n\t\t\t\t\t<\/div>\n\t\t<\/section>\n\t\t\t\t<\/div>\n\t\t","protected":false},"excerpt":{"rendered":"<p>Die Spieldosen in meinem Sortiment sind echte Rarit\u00e4ten f\u00fcr Liebhaber und Sammler. Kontaktieren Sie mich gerne f\u00fcr mehr Informationen, wenn Sie Interesse an einer dieser Spieldosen haben.<\/p>\n","protected":false},"author":1,"featured_media":0,"parent":0,"menu_order":0,"comment_status":"closed","ping_status":"closed","template":"","meta":{"footnotes":""},"class_list":["post-159","page","type-page","status-publish","hentry"],"_links":{"self":[{"href":"http:\/\/holzkunst-aus-dem-erzgebirge.de\/index.php?rest_route=\/wp\/v2\/pages\/159","targetHints":{"allow":["GET"]}}],"collection":[{"href":"http:\/\/holzkunst-aus-dem-erzgebirge.de\/index.php?rest_route=\/wp\/v2\/pages"}],"about":[{"href":"http:\/\/holzkunst-aus-dem-erzgebirge.de\/index.php?rest_route=\/wp\/v2\/types\/page"}],"author":[{"embeddable":true,"href":"http:\/\/holzkunst-aus-dem-erzgebirge.de\/index.php?rest_route=\/wp\/v2\/users\/1"}],"replies":[{"embeddable":true,"href":"http:\/\/holzkunst-aus-dem-erzgebirge.de\/index.php?rest_route=%2Fwp%2Fv2%2Fcomments&post=159"}],"version-history":[{"count":15,"href":"http:\/\/holzkunst-aus-dem-erzgebirge.de\/index.php?rest_route=\/wp\/v2\/pages\/159\/revisions"}],"predecessor-version":[{"id":299,"href":"http:\/\/holzkunst-aus-dem-erzgebirge.de\/index.php?rest_route=\/wp\/v2\/pages\/159\/revisions\/299"}],"wp:attachment":[{"href":"http:\/\/holzkunst-aus-dem-erzgebirge.de\/index.php?rest_route=%2Fwp%2Fv2%2Fmedia&parent=159"}],"curies":[{"name":"wp","href":"https:\/\/api.w.org\/{rel}","templated":true}]}}