{"id":2,"date":"2016-05-10T03:48:21","date_gmt":"2016-05-10T03:48:21","guid":{"rendered":"http:\/\/holzkunst-aus-dem-erzgebirge.de\/?page_id=2"},"modified":"2024-03-12T16:38:16","modified_gmt":"2024-03-12T16:38:16","slug":"sample-page","status":"publish","type":"page","link":"http:\/\/holzkunst-aus-dem-erzgebirge.de\/?page_id=2","title":{"rendered":"Mein Gesch\u00e4ft"},"content":{"rendered":"\t\t<div data-elementor-type=\"wp-page\" data-elementor-id=\"2\" class=\"elementor elementor-2\">\n\t\t\t\t\t\t<section class=\"elementor-section elementor-top-section elementor-element elementor-element-4cd3962 elementor-section-boxed elementor-section-height-default elementor-section-height-default\" data-id=\"4cd3962\" data-element_type=\"section\" data-e-type=\"section\">\n\t\t\t\t\t\t<div class=\"elementor-container elementor-column-gap-default\">\n\t\t\t\t\t<div class=\"elementor-column elementor-col-100 elementor-top-column elementor-element elementor-element-a784381\" data-id=\"a784381\" data-element_type=\"column\" data-e-type=\"column\">\n\t\t\t<div class=\"elementor-widget-wrap elementor-element-populated\">\n\t\t\t\t\t\t<div class=\"elementor-element elementor-element-13ea636 elementor-widget elementor-widget-text-editor\" data-id=\"13ea636\" data-element_type=\"widget\" data-e-type=\"widget\" data-widget_type=\"text-editor.default\">\n\t\t\t\t<div class=\"elementor-widget-container\">\n\t\t\t\t\t\t\t\t\t<p>In meinem zertifizierten Fachgesch\u00e4ft biete ich Ihnen ein umfangreiches Sortiment original erzgebirgischer Holzkunsterzeugnisse auf einer Ladenfl\u00e4che von mehr als 80 qm.&nbsp;<br>Mein Fachgesch\u00e4ft f\u00fchre ich seit \u00fcber 30 Jahren. Sie finden hier Artikel von weit \u00fcber 100 Holzkunsthandwerkern und Manufakturen aus dem Erzgebirge.<br>Mein breites Sortiment der sch\u00f6nsten Erzeugnisse aus Holz wird Sie begeistern: Adventsleuchter, Engel und Bergmann, Schwibbogen, Weihnachtspyramiden, Nussknacker, R\u00e4ucherm\u00e4nnchen, Krippen und Krippenfiguren, Baumbehang, hochwertige Spieldosen und Vieles mehr.<\/p>\n<p>Als Mitglied im &#8222;Fachhandelsring Erzgebirgische Holzkunst&#8220; garantiere ich Ihnen sichere Einkaufsfreude, denn das Zeichen mit dem Reiterlein steht f\u00fcr den herkunftstreuen Verkauf hochwertiger Erzeugnisse.<br>Ich f\u00fchre au\u00dferdem ein gro\u00dfes Sortiment an Herrnhuter Sternen in vielen Farben und Gr\u00f6\u00dfen f\u00fcr innen und au\u00dfen.<\/p>\t\t\t\t\t\t\t\t<\/div>\n\t\t\t\t<\/div>\n\t\t\t\t\t<\/div>\n\t\t<\/div>\n\t\t\t\t\t<\/div>\n\t\t<\/section>\n\t\t\t\t<\/div>\n\t\t","protected":false},"excerpt":{"rendered":"<p>In meinem zertifizierten Fachgesch\u00e4ft biete ich Ihnen ein umfangreiches Sortiment original erzgebirgischer Holzkunsterzeugnisse auf einer Ladenfl\u00e4che von mehr als 80 qm.&nbsp;Mein Fachgesch\u00e4ft f\u00fchre ich seit \u00fcber 30 Jahren. Sie finden hier Artikel von weit \u00fcber 100 Holzkunsthandwerkern und Manufakturen aus dem Erzgebirge.Mein breites Sortiment der sch\u00f6nsten Erzeugnisse aus Holz wird Sie begeistern: Adventsleuchter, Engel und Bergmann, Schwibbogen, Weihnachtspyramiden, Nussknacker, R\u00e4ucherm\u00e4nnchen, Krippen und Krippenfiguren, Baumbehang, hochwertige Spieldosen und Vieles mehr. Als Mitglied im &#8222;Fachhandelsring Erzgebirgische Holzkunst&#8220; garantiere ich Ihnen sichere Einkaufsfreude, denn das Zeichen mit dem Reiterlein steht f\u00fcr den herkunftstreuen Verkauf hochwertiger Erzeugnisse.Ich f\u00fchre au\u00dferdem ein gro\u00dfes Sortiment an Herrnhuter Sternen in vielen Farben und Gr\u00f6\u00dfen f\u00fcr innen und au\u00dfen.<\/p>\n","protected":false},"author":1,"featured_media":0,"parent":0,"menu_order":0,"comment_status":"closed","ping_status":"open","template":"","meta":{"footnotes":""},"class_list":["post-2","page","type-page","status-publish","hentry"],"_links":{"self":[{"href":"http:\/\/holzkunst-aus-dem-erzgebirge.de\/index.php?rest_route=\/wp\/v2\/pages\/2","targetHints":{"allow":["GET"]}}],"collection":[{"href":"http:\/\/holzkunst-aus-dem-erzgebirge.de\/index.php?rest_route=\/wp\/v2\/pages"}],"about":[{"href":"http:\/\/holzkunst-aus-dem-erzgebirge.de\/index.php?rest_route=\/wp\/v2\/types\/page"}],"author":[{"embeddable":true,"href":"http:\/\/holzkunst-aus-dem-erzgebirge.de\/index.php?rest_route=\/wp\/v2\/users\/1"}],"replies":[{"embeddable":true,"href":"http:\/\/holzkunst-aus-dem-erzgebirge.de\/index.php?rest_route=%2Fwp%2Fv2%2Fcomments&post=2"}],"version-history":[{"count":38,"href":"http:\/\/holzkunst-aus-dem-erzgebirge.de\/index.php?rest_route=\/wp\/v2\/pages\/2\/revisions"}],"predecessor-version":[{"id":296,"href":"http:\/\/holzkunst-aus-dem-erzgebirge.de\/index.php?rest_route=\/wp\/v2\/pages\/2\/revisions\/296"}],"wp:attachment":[{"href":"http:\/\/holzkunst-aus-dem-erzgebirge.de\/index.php?rest_route=%2Fwp%2Fv2%2Fmedia&parent=2"}],"curies":[{"name":"wp","href":"https:\/\/api.w.org\/{rel}","templated":true}]}}